{"id":5331,"date":"2021-03-27T10:44:37","date_gmt":"2021-03-27T09:44:37","guid":{"rendered":"https:\/\/www.fidem.lu\/impressum\/"},"modified":"2025-08-20T18:40:01","modified_gmt":"2025-08-20T16:40:01","slug":"imprint","status":"publish","type":"page","link":"https:\/\/www.fidem.lu\/en\/imprint\/","title":{"rendered":"Imprint"},"content":{"rendered":"\t\t<div data-elementor-type=\"wp-page\" data-elementor-id=\"5331\" class=\"elementor elementor-5331\">\n\t\t\t\t\t\t<section class=\"elementor-section elementor-top-section elementor-element elementor-element-394e305 elementor-section-full_width elementor-section-stretched elementor-section-height-default elementor-section-height-default\" data-id=\"394e305\" data-element_type=\"section\" data-settings=\"{&quot;background_background&quot;:&quot;classic&quot;,&quot;stretch_section&quot;:&quot;section-stretched&quot;}\">\n\t\t\t\t\t\t<div class=\"elementor-container elementor-column-gap-default\">\n\t\t\t\t\t<div class=\"elementor-column elementor-col-100 elementor-top-column elementor-element elementor-element-1b57e9b\" data-id=\"1b57e9b\" data-element_type=\"column\" data-settings=\"{&quot;background_background&quot;:&quot;classic&quot;}\">\n\t\t\t<div class=\"elementor-widget-wrap elementor-element-populated\">\n\t\t\t\t\t\t<div class=\"elementor-element elementor-element-6979291 elementor-widget elementor-widget-text-editor\" data-id=\"6979291\" data-element_type=\"widget\" data-widget_type=\"text-editor.default\">\n\t\t\t\t<div class=\"elementor-widget-container\">\n\t\t\t\t\t\t\t\t\t<p>Imprint<\/p>\t\t\t\t\t\t\t\t<\/div>\n\t\t\t\t<\/div>\n\t\t\t\t<div class=\"elementor-element elementor-element-ce14794 elementor-widget elementor-widget-text-editor\" data-id=\"ce14794\" data-element_type=\"widget\" data-widget_type=\"text-editor.default\">\n\t\t\t\t<div class=\"elementor-widget-container\">\n\t\t\t\t\t\t\t\t\t<p style=\"text-align: justify;\"><b>Information according to \u00a7 5 TMG<\/b><\/p><p style=\"text-align: justify;\"><span style=\"color: var( --e-global-color-text ); letter-spacing: 0.04em;\">f<\/span><span style=\"color: var( --e-global-color-text ); letter-spacing: 0px;\">idem. S.A.<\/span><br \/>89, route de Longwy<br \/>L-8080 Bertrange<\/p><p style=\"text-align: justify;\"><b>Represented by:<\/b><br \/>Marlon-Yves Nadler<\/p><p style=\"text-align: justify;\"><strong>Contact:<\/strong><br \/>Phone: +352 621 14 83 36<br \/>Email: marlon.nadler@fidem.lu<\/p><p style=\"text-align: justify;\"><b>Register entry<\/b><strong>:<\/strong><br \/>B252599<\/p><p style=\"text-align: justify;\"><b>TVA (VAT number): <\/b><br \/>LU32883266<\/p><p style=\"text-align: justify;\"><b>Regulatory Authority<\/b><strong>:<\/strong><br \/>Commission de Surveillance du Secteur Financier (CSSF)<\/p><p><b>Source information for videos, images and graphics used:<\/b><\/p><p><a style=\"letter-spacing: 0px; color: #008ba6;\" href=\"https:\/\/www.istockphoto.com\/de\" target=\"_blank\" rel=\"noopener\">iStock<\/a><span style=\"color: #008ba6; letter-spacing: 0px;\"> | <\/span><a style=\"letter-spacing: 0px; color: #008ba6;\" href=\"https:\/\/www.istockphoto.com\/de\/portfolio\/scyther5?mediatype=photography\" target=\"_blank\" rel=\"noopener\">scyther5<\/a><span style=\"color: #008ba6; letter-spacing: 0px;\"> |\u00a0<\/span><a style=\"letter-spacing: 0px; color: #008ba6;\" href=\"https:\/\/www.istockphoto.com\/de\/foto\/der-mann-h\u00e4lt-ein-puzzle-in-der-hand-gm1214949225-353689861\" target=\"_blank\" rel=\"noopener\">ID:1214949225<\/a><br \/><span style=\"color: #008ba6;\"><a style=\"color: #008ba6;\" href=\"https:\/\/www.istockphoto.com\/de\" target=\"_blank\" rel=\"noopener\">iStock<\/a> |<a style=\"color: #008ba6;\" href=\"https:\/\/www.istockphoto.com\/de\/portfolio\/Parin3d?mediatype=photography\" target=\"_blank\" rel=\"noopener\"> \u0e49handmadee3d<\/a> | <a style=\"color: #008ba6;\" href=\"https:\/\/www.istockphoto.com\/de\/foto\/haus-drei-ma\u00dfskizze-zeichnung-gm1045231844-279714510\" target=\"_blank\" rel=\"noopener\">ID:1045231844<\/a><br \/><a style=\"color: #008ba6;\" href=\"https:\/\/www.istockphoto.com\/de\" target=\"_blank\" rel=\"noopener\">iStock<\/a> | <a style=\"color: #008ba6;\" href=\"https:\/\/www.istockphoto.com\/de\/portfolio\/Marc_Osborne?mediatype=photography\" target=\"_blank\" rel=\"noopener\">Marc_Osborne<\/a> |\u00a0<a style=\"color: #008ba6;\" href=\"https:\/\/www.istockphoto.com\/de\/foto\/moderne-k\u00fcche-gm1058269576-282826321\" target=\"_blank\" rel=\"noopener\">1058269576<\/a><br \/><a style=\"color: #008ba6;\" href=\"https:\/\/www.istockphoto.com\/de\" target=\"_blank\" rel=\"noopener\">iStock<\/a> | <a style=\"color: #008ba6;\" href=\"https:\/\/www.istockphoto.com\/de\/portfolio\/rambo182?mediatype=illustration\" target=\"_blank\" rel=\"noopener\">rambo182<\/a> | <a style=\"color: #008ba6;\" href=\"https:\/\/www.istockphoto.com\/de\/vektor\/clipboard-witch-checklist-wishlist-line-icon-bearbeitbare-stroke-pixel-perfect-f\u00fcr-gm1138356518-303873868\" target=\"_blank\" rel=\"noopener\">1138356518<\/a><br \/><a style=\"color: #008ba6;\" href=\"https:\/\/www.istockphoto.com\/de\" target=\"_blank\" rel=\"noopener\">iStock<\/a> | <a style=\"color: #008ba6;\" href=\"https:\/\/www.istockphoto.com\/de\/portfolio\/Sabinoparente?mediatype=photography\" target=\"_blank\" rel=\"noopener\">Sabinoparente<\/a>\u00a0| <a style=\"color: #008ba6;\" href=\"https:\/\/www.istockphoto.com\/de\/foto\/cty-von-luxemburg-gm638149360-114246041\" target=\"_blank\" rel=\"noopener\">638149360<\/a><br \/><a style=\"color: #008ba6;\" href=\"https:\/\/www.istockphoto.com\/de\" target=\"_blank\" rel=\"noopener\">iStock<\/a> | <a style=\"color: #008ba6;\" href=\"https:\/\/www.istockphoto.com\/de\/portfolio\/LIVINUS?mediatype=photography\" target=\"_blank\" rel=\"noopener\">LIVINUS<\/a> | <a style=\"color: #008ba6;\" href=\"https:\/\/www.istockphoto.com\/de\/foto\/gro\u00dfherzogtum-luxemburg-landfahrzeug-auf-der-stra\u00dfe-geb\u00e4ude-au\u00dfen-menschen-gm1187338986-335360826\" target=\"_blank\" rel=\"noopener\">1187338986<\/a><br \/><a style=\"color: #008ba6;\" href=\"https:\/\/www.istockphoto.com\/de\" target=\"_blank\" rel=\"noopener\">iStock<\/a> | <a style=\"color: #008ba6;\" href=\"https:\/\/www.istockphoto.com\/de\/portfolio\/andresr?mediatype=illustration\" target=\"_blank\" rel=\"noopener\">andresr<\/a> | <a style=\"color: #008ba6;\" href=\"https:\/\/www.istockphoto.com\/de\/vektor\/skizze-eines-sch\u00f6nen-modernen-hauses-gm1223049686-359108674\" target=\"_blank\" rel=\"noopener\">1223049686<\/a><br \/><a style=\"color: #008ba6;\" href=\"https:\/\/stock.adobe.com\/de\/\" target=\"_blank\" rel=\"noopener\">AdobeStock<\/a> |\u00a0<a style=\"color: #008ba6;\" href=\"https:\/\/stock.adobe.com\/de\/contributor\/200403000\/chlorophylle?load_type=author&amp;prev_url=detail\" data-ingest-clicktype=\"details-contributor-link\">Chlorophylle<\/a>\u00a0|\u00a0<a style=\"color: #008ba6;\" href=\"https:\/\/stock.adobe.com\/de\/images\/dessin-d-une-maison-d-architecte-avec-plan\/172946013\" target=\"_blank\" rel=\"noopener\">172946013<\/a><br \/><a style=\"color: #008ba6;\" href=\"https:\/\/stock.adobe.com\/de\/\" target=\"_blank\" rel=\"noopener\">AdobeStock<\/a> |\u00a0<a style=\"color: #008ba6;\" href=\"https:\/\/stock.adobe.com\/de\/contributor\/5336\/frankboston?load_type=author&amp;prev_url=detail\" data-ingest-clicktype=\"details-contributor-link\">FrankBoston<\/a>\u00a0| <a style=\"color: #008ba6;\" href=\"https:\/\/stock.adobe.com\/de\/images\/design-stages-of-luxury-villa\/231690594?prev_url=detail\" data-ingest-clicktype=\"click-file-id\">231690594<\/a><br \/><a style=\"color: #008ba6;\" href=\"https:\/\/stock.adobe.com\/de\/\" target=\"_blank\" rel=\"noopener\">AdobeStock<\/a> | <a style=\"color: #008ba6;\" href=\"https:\/\/stock.adobe.com\/de\/contributor\/5336\/frankboston?load_type=author&amp;prev_url=detail\" data-ingest-clicktype=\"details-contributor-link\">FrankBoston<\/a>\u00a0|\u00a0<a style=\"color: #008ba6;\" href=\"https:\/\/stock.adobe.com\/de\/images\/house-from-draft-to-real\/124048977\" target=\"_blank\" rel=\"noopener\">124048977<\/a><br \/><a style=\"color: #008ba6;\" href=\"https:\/\/stock.adobe.com\/de\/\" target=\"_blank\" rel=\"noopener\">AdobeStock<\/a> |\u00a0<a style=\"color: #008ba6;\" href=\"https:\/\/stock.adobe.com\/de\/contributor\/202363916\/tiberius-gracchus?load_type=author&amp;prev_url=detail\" data-ingest-clicktype=\"details-contributor-link\">Tiberius Gracchus<\/a>\u00a0|\u00a0<a style=\"color: #008ba6;\" href=\"https:\/\/stock.adobe.com\/de\/images\/mehrfamilienhaus-neubau-in-deutschland\/126481530\" target=\"_blank\" rel=\"noopener\">126481530<\/a><br \/><a style=\"color: #008ba6;\" href=\"https:\/\/stock.adobe.com\/de\/\" target=\"_blank\" rel=\"noopener\">AdobeStock<\/a> |\u00a0<a style=\"color: #008ba6;\" href=\"https:\/\/stock.adobe.com\/de\/contributor\/203603884\/lovelyday12?load_type=author&amp;prev_url=detail\" data-ingest-clicktype=\"details-contributor-link\">lovelyday12<\/a>\u00a0|\u00a0<a style=\"color: #008ba6;\" href=\"https:\/\/stock.adobe.com\/de\/images\/accountant-working-on-desk-using-calculator-for-calculate-finance-report-in-office\/217153491\" target=\"_blank\" rel=\"noopener\">217153491<\/a><br \/><a style=\"color: #008ba6;\" href=\"https:\/\/pixabay.com\/de\/\" target=\"_blank\" rel=\"noopener\">Pixabay<\/a> | <a style=\"color: #008ba6;\" href=\"https:\/\/pixabay.com\/de\/users\/matham315-4262769\/\">matham315<\/a>\u00a0| <a style=\"color: #008ba6;\" href=\"https:\/\/pixabay.com\/de\/photos\/mode-anzug-schneider-kleidung-1979136\/\" target=\"_blank\" rel=\"noopener\">1979136<\/a><br \/><a style=\"color: #008ba6;\" href=\"https:\/\/pixabay.com\/de\/\" target=\"_blank\" rel=\"noopener\">Pixabay<\/a> | <a style=\"color: #008ba6;\" href=\"https:\/\/pixabay.com\/de\/users\/io-images-1096650\/\">IO-Images<\/a>\u00a0|\u00a0<a style=\"color: #008ba6;\" href=\"https:\/\/pixabay.com\/de\/vectors\/paket-p\u00e4ckchen-pakete-post-karton-4920101\/\" target=\"_blank\" rel=\"noopener\">4920101<\/a><br \/><a style=\"color: #008ba6;\" href=\"https:\/\/pixabay.com\/de\/\" target=\"_blank\" rel=\"noopener\">Pixabay<\/a> | <a style=\"color: #008ba6;\" href=\"https:\/\/pixabay.com\/de\/users\/evrywheremedia-9963219\/\">evrywheremedia<\/a>\u00a0|\u00a0<a style=\"color: #008ba6;\" href=\"https:\/\/pixabay.com\/de\/illustrations\/finanzen-icons-finanziellen-symbole-4278471\/\" target=\"_blank\" rel=\"noopener\">4278471<\/a><br \/><a style=\"color: #008ba6;\" href=\"https:\/\/pixabay.com\/de\/\" target=\"_blank\" rel=\"noopener\">Pixabay<\/a> | <a style=\"color: #008ba6;\" href=\"https:\/\/pixabay.com\/de\/users\/pexels-2286921\/\">Pexels<\/a>\u00a0|\u00a0<a style=\"color: #008ba6;\" href=\"https:\/\/pixabay.com\/de\/photos\/geb\u00e4ude-fu\u00dfg\u00e4nger\u00fcberweg-stadt-1838418\/\" target=\"_blank\" rel=\"noopener\">1838418<\/a><br \/><a style=\"color: #008ba6;\" href=\"https:\/\/pixabay.com\/de\/\" target=\"_blank\" rel=\"noopener\">Pixabay<\/a> | <a style=\"color: #008ba6;\" href=\"https:\/\/pixabay.com\/de\/users\/openclipart-vectors-30363\/\">OpenClipart-Vectors<\/a>\u00a0|\u00a0<a style=\"color: #008ba6;\" href=\"https:\/\/pixabay.com\/de\/vectors\/heimat-haus-silhouette-symbol-146585\/\" target=\"_blank\" rel=\"noopener\">146585<\/a><br \/><\/span><span style=\"color: #008ba6;\"><br \/><\/span><\/p><p style=\"text-align: justify;\"><b>Disclaimer<\/b><strong>: <\/strong><\/p><p style=\"text-align: justify;\"><b>Liability for contents<\/b><\/p><p style=\"text-align: justify;\">The contents of our pages were created with the utmost care. However, we cannot guarantee the accuracy, completeness and timeliness of the content. As a service provider, we are responsible for our own content on these pages under the general laws according to \u00a7 7 para.1 TMG. According to \u00a7\u00a7 8 to 10 TMG, however, we are not obligated as a service provider to monitor transmitted or stored third-party information or to investigate circumstances that indicate illegal activity. Obligations to remove or block the use of information under the general laws remain unaffected. However, liability in this regard is only possible from the point in time at which a concrete infringement of the law becomes known. If we become aware of such infringements, we will remove this content immediately.<\/p><p style=\"text-align: justify;\"><b>Liability for links<\/b><\/p><p style=\"text-align: justify;\">Our offer contains links to external websites of third parties, on whose contents we have no influence. Therefore, we cannot assume any liability for these external contents. The respective provider or operator of the pages is always responsible for the content of the linked pages. The linked pages were checked for possible legal violations at the time of linking. Illegal contents were not recognizable at the time of linking. However, a permanent control of the contents of the linked pages is not reasonable without concrete evidence of a violation of the law. If we become aware of any infringements, we will remove such links immediately.<\/p><p style=\"text-align: justify;\"><b>Copyright<\/b><\/p><p style=\"text-align: justify;\">The content and works created by the site operators on these pages are subject to German copyright law. The reproduction, editing, distribution and any kind of exploitation outside the limits of copyright require the written consent of the respective author or creator. Downloads and copies of this site are only permitted for private, non-commercial use. Insofar as the content on this site was not created by the operator, the copyrights of third parties are respected. In particular, third-party content is identified as such. Should you nevertheless become aware of a copyright infringement, please inform us accordingly. If we become aware of any infringements, we will remove such content immediately.<\/p><p style=\"text-align: justify;\"><strong>Datenschutz<\/strong><\/p><p style=\"text-align: justify;\">The use of our website is generally possible without providing personal data. Insofar as personal data (for example, name, address or e-mail addresses) are collected on our pages, this is always done, as far as possible, on a voluntary basis. This data will not be passed on to third parties without your express consent.<\/p><p style=\"text-align: justify;\">We point out that data transmission over the Internet (eg communication by e-mail) security gaps. Complete protection of data against access by third parties is not possible.<\/p><p style=\"text-align: justify;\">The use of contact data published within the framework of the imprint obligation by third parties for the purpose of sending unsolicited advertising and information materials is hereby expressly prohibited. The operators of the pages expressly reserve the right to take legal action in the event of the unsolicited sending of advertising information, such as spam e-mails.<\/p><p style=\"text-align: justify;\"><strong style=\"color: var( --e-global-color-text ); letter-spacing: 0px;\">Google Analytics<\/strong><\/p><p style=\"text-align: justify;\">This website uses Google Analytics, a web analytics service provided by Google, Inc. (&#8221;Google&#8221;). Google Analytics uses so-called &#8221;cookies&#8221;, which are text files placed on your computer, to help the website analyze how users use the site. The information generated by the cookie about your use of the website (including your IP address) will be transmitted to and stored by Google on servers in the United States. Google will use this information for the purpose of evaluating your use of the website, compiling reports on website activity for website operators and providing other services relating to website activity and internet usage. Google may also transfer this information to third parties where required to do so by law, or where such third parties process the information on Google&#8217;s behalf. Google will not associate your IP address with any other data held by Google. You may refuse the use of cookies by selecting the appropriate settings on your browser, however please note that if you do this you may not be able to use the full functionality of this website. By using this website, you consent to the processing of data about you by Google in the manner and for the purposes set out above..<\/p>\t\t\t\t\t\t\t\t<\/div>\n\t\t\t\t<\/div>\n\t\t\t\t\t<\/div>\n\t\t<\/div>\n\t\t\t\t\t<\/div>\n\t\t<\/section>\n\t\t\t\t<\/div>\n\t\t","protected":false},"excerpt":{"rendered":"<p>Imprint Information according to \u00a7 5 TMG fidem. S.A.89, route de LongwyL-8080 Bertrange Represented by:Marlon-Yves Nadler Contact:Phone: +352 621 14 83 36Email: marlon.nadler@fidem.lu Register entry:B252599 TVA (VAT number): LU32883266 Regulatory Authority:Commission de Surveillance du Secteur Financier (CSSF) Source information for videos, images and graphics used: iStock | scyther5 |\u00a0ID:1214949225iStock | \u0e49handmadee3d | ID:1045231844iStock | Marc_Osborne&hellip;&nbsp;<a href=\"https:\/\/www.fidem.lu\/en\/imprint\/\" rel=\"bookmark\">Read More &raquo;<span class=\"screen-reader-text\">Imprint<\/span><\/a><\/p>\n","protected":false},"author":4,"featured_media":0,"parent":0,"menu_order":0,"comment_status":"closed","ping_status":"closed","template":"page-templates\/template-pagebuilder-full-width.php","meta":{"neve_meta_sidebar":"full-width","neve_meta_container":"","neve_meta_enable_content_width":"on","neve_meta_content_width":100,"neve_meta_title_alignment":"","neve_meta_author_avatar":"","neve_post_elements_order":"","neve_meta_disable_header":"","neve_meta_disable_footer":"","neve_meta_disable_title":"on","neve_meta_reading_time":"","footnotes":""},"class_list":["post-5331","page","type-page","status-publish","hentry"],"yoast_head":"<!-- This site is optimized with the Yoast SEO plugin v26.3 - https:\/\/yoast.com\/wordpress\/plugins\/seo\/ -->\n<title>Imprint | fidem.<\/title>\n<meta name=\"description\" content=\"The imprint of fidem. - Here you will find directly &amp; transparently all legal information about our company.\" \/>\n<meta name=\"robots\" content=\"index, follow, max-snippet:-1, max-image-preview:large, max-video-preview:-1\" \/>\n<link rel=\"canonical\" href=\"https:\/\/www.fidem.lu\/fr\/mentions-legales\/\" \/>\n<meta property=\"og:locale\" content=\"en_US\" \/>\n<meta property=\"og:type\" content=\"article\" \/>\n<meta property=\"og:title\" content=\"Imprint | fidem.\" \/>\n<meta property=\"og:description\" content=\"The imprint of fidem. - Here you will find directly &amp; transparently all legal information about our company.\" \/>\n<meta property=\"og:url\" content=\"https:\/\/www.fidem.lu\/fr\/mentions-legales\/\" \/>\n<meta property=\"og:site_name\" content=\"fidem.\" \/>\n<meta property=\"article:modified_time\" content=\"2025-08-20T16:40:01+00:00\" \/>\n<meta property=\"og:image\" content=\"https:\/\/www.fidem.lu\/wp-content\/uploads\/2021\/12\/og-1-1.jpg\" \/>\n\t<meta property=\"og:image:width\" content=\"1200\" \/>\n\t<meta property=\"og:image:height\" content=\"630\" \/>\n\t<meta property=\"og:image:type\" content=\"image\/jpeg\" \/>\n<meta name=\"twitter:card\" content=\"summary_large_image\" \/>\n<meta name=\"twitter:label1\" content=\"Est. reading time\" \/>\n\t<meta name=\"twitter:data1\" content=\"5 minutes\" \/>\n<script type=\"application\/ld+json\" class=\"yoast-schema-graph\">{\"@context\":\"https:\/\/schema.org\",\"@graph\":[{\"@type\":\"WebPage\",\"@id\":\"https:\/\/www.fidem.lu\/fr\/mentions-legales\/\",\"url\":\"https:\/\/www.fidem.lu\/fr\/mentions-legales\/\",\"name\":\"Imprint | fidem.\",\"isPartOf\":{\"@id\":\"https:\/\/www.fidem.lu\/#website\"},\"datePublished\":\"2021-03-27T09:44:37+00:00\",\"dateModified\":\"2025-08-20T16:40:01+00:00\",\"description\":\"The imprint of fidem. - Here you will find directly & transparently all legal information about our company.\",\"breadcrumb\":{\"@id\":\"https:\/\/www.fidem.lu\/fr\/mentions-legales\/#breadcrumb\"},\"inLanguage\":\"en-US\",\"potentialAction\":[{\"@type\":\"ReadAction\",\"target\":[\"https:\/\/www.fidem.lu\/fr\/mentions-legales\/\"]}]},{\"@type\":\"BreadcrumbList\",\"@id\":\"https:\/\/www.fidem.lu\/fr\/mentions-legales\/#breadcrumb\",\"itemListElement\":[{\"@type\":\"ListItem\",\"position\":1,\"name\":\"Startseite\",\"item\":\"https:\/\/www.fidem.lu\/en\/\"},{\"@type\":\"ListItem\",\"position\":2,\"name\":\"Imprint\"}]},{\"@type\":\"WebSite\",\"@id\":\"https:\/\/www.fidem.lu\/#website\",\"url\":\"https:\/\/www.fidem.lu\/\",\"name\":\"fidem.\",\"description\":\"credit &amp; finance\",\"publisher\":{\"@id\":\"https:\/\/www.fidem.lu\/#organization\"},\"potentialAction\":[{\"@type\":\"SearchAction\",\"target\":{\"@type\":\"EntryPoint\",\"urlTemplate\":\"https:\/\/www.fidem.lu\/?s={search_term_string}\"},\"query-input\":{\"@type\":\"PropertyValueSpecification\",\"valueRequired\":true,\"valueName\":\"search_term_string\"}}],\"inLanguage\":\"en-US\"},{\"@type\":\"Organization\",\"@id\":\"https:\/\/www.fidem.lu\/#organization\",\"name\":\"fidem. S.A.\",\"url\":\"https:\/\/www.fidem.lu\/\",\"logo\":{\"@type\":\"ImageObject\",\"inLanguage\":\"en-US\",\"@id\":\"https:\/\/www.fidem.lu\/#\/schema\/logo\/image\/\",\"url\":\"https:\/\/www.fidem.lu\/wp-content\/uploads\/2021\/12\/og-1-1.jpg\",\"contentUrl\":\"https:\/\/www.fidem.lu\/wp-content\/uploads\/2021\/12\/og-1-1.jpg\",\"width\":1200,\"height\":630,\"caption\":\"fidem. S.A.\"},\"image\":{\"@id\":\"https:\/\/www.fidem.lu\/#\/schema\/logo\/image\/\"},\"sameAs\":[\"https:\/\/www.instagram.com\/fidem.lu\/\"]}]}<\/script>\n<!-- \/ Yoast SEO plugin. -->","yoast_head_json":{"title":"Imprint | fidem.","description":"The imprint of fidem. - Here you will find directly & transparently all legal information about our company.","robots":{"index":"index","follow":"follow","max-snippet":"max-snippet:-1","max-image-preview":"max-image-preview:large","max-video-preview":"max-video-preview:-1"},"canonical":"https:\/\/www.fidem.lu\/fr\/mentions-legales\/","og_locale":"en_US","og_type":"article","og_title":"Imprint | fidem.","og_description":"The imprint of fidem. - Here you will find directly & transparently all legal information about our company.","og_url":"https:\/\/www.fidem.lu\/fr\/mentions-legales\/","og_site_name":"fidem.","article_modified_time":"2025-08-20T16:40:01+00:00","og_image":[{"width":1200,"height":630,"url":"https:\/\/www.fidem.lu\/wp-content\/uploads\/2021\/12\/og-1-1.jpg","type":"image\/jpeg"}],"twitter_card":"summary_large_image","twitter_misc":{"Est. reading time":"5 minutes"},"schema":{"@context":"https:\/\/schema.org","@graph":[{"@type":"WebPage","@id":"https:\/\/www.fidem.lu\/fr\/mentions-legales\/","url":"https:\/\/www.fidem.lu\/fr\/mentions-legales\/","name":"Imprint | fidem.","isPartOf":{"@id":"https:\/\/www.fidem.lu\/#website"},"datePublished":"2021-03-27T09:44:37+00:00","dateModified":"2025-08-20T16:40:01+00:00","description":"The imprint of fidem. - Here you will find directly & transparently all legal information about our company.","breadcrumb":{"@id":"https:\/\/www.fidem.lu\/fr\/mentions-legales\/#breadcrumb"},"inLanguage":"en-US","potentialAction":[{"@type":"ReadAction","target":["https:\/\/www.fidem.lu\/fr\/mentions-legales\/"]}]},{"@type":"BreadcrumbList","@id":"https:\/\/www.fidem.lu\/fr\/mentions-legales\/#breadcrumb","itemListElement":[{"@type":"ListItem","position":1,"name":"Startseite","item":"https:\/\/www.fidem.lu\/en\/"},{"@type":"ListItem","position":2,"name":"Imprint"}]},{"@type":"WebSite","@id":"https:\/\/www.fidem.lu\/#website","url":"https:\/\/www.fidem.lu\/","name":"fidem.","description":"credit &amp; finance","publisher":{"@id":"https:\/\/www.fidem.lu\/#organization"},"potentialAction":[{"@type":"SearchAction","target":{"@type":"EntryPoint","urlTemplate":"https:\/\/www.fidem.lu\/?s={search_term_string}"},"query-input":{"@type":"PropertyValueSpecification","valueRequired":true,"valueName":"search_term_string"}}],"inLanguage":"en-US"},{"@type":"Organization","@id":"https:\/\/www.fidem.lu\/#organization","name":"fidem. S.A.","url":"https:\/\/www.fidem.lu\/","logo":{"@type":"ImageObject","inLanguage":"en-US","@id":"https:\/\/www.fidem.lu\/#\/schema\/logo\/image\/","url":"https:\/\/www.fidem.lu\/wp-content\/uploads\/2021\/12\/og-1-1.jpg","contentUrl":"https:\/\/www.fidem.lu\/wp-content\/uploads\/2021\/12\/og-1-1.jpg","width":1200,"height":630,"caption":"fidem. S.A."},"image":{"@id":"https:\/\/www.fidem.lu\/#\/schema\/logo\/image\/"},"sameAs":["https:\/\/www.instagram.com\/fidem.lu\/"]}]}},"_links":{"self":[{"href":"https:\/\/www.fidem.lu\/en\/wp-json\/wp\/v2\/pages\/5331","targetHints":{"allow":["GET"]}}],"collection":[{"href":"https:\/\/www.fidem.lu\/en\/wp-json\/wp\/v2\/pages"}],"about":[{"href":"https:\/\/www.fidem.lu\/en\/wp-json\/wp\/v2\/types\/page"}],"author":[{"embeddable":true,"href":"https:\/\/www.fidem.lu\/en\/wp-json\/wp\/v2\/users\/4"}],"replies":[{"embeddable":true,"href":"https:\/\/www.fidem.lu\/en\/wp-json\/wp\/v2\/comments?post=5331"}],"version-history":[{"count":13,"href":"https:\/\/www.fidem.lu\/en\/wp-json\/wp\/v2\/pages\/5331\/revisions"}],"predecessor-version":[{"id":9660,"href":"https:\/\/www.fidem.lu\/en\/wp-json\/wp\/v2\/pages\/5331\/revisions\/9660"}],"wp:attachment":[{"href":"https:\/\/www.fidem.lu\/en\/wp-json\/wp\/v2\/media?parent=5331"}],"curies":[{"name":"wp","href":"https:\/\/api.w.org\/{rel}","templated":true}]}}