{"id":5713,"date":"2021-12-01T21:03:50","date_gmt":"2021-12-01T20:03:50","guid":{"rendered":"https:\/\/www.fidem.lu\/?page_id=5713"},"modified":"2025-11-13T19:18:45","modified_gmt":"2025-11-13T18:18:45","slug":"refinancement","status":"publish","type":"page","link":"https:\/\/www.fidem.lu\/fr\/refinancement\/","title":{"rendered":"RESTRUCTURATION D\u2019EMPRUNT"},"content":{"rendered":"\t\t<div data-elementor-type=\"wp-page\" data-elementor-id=\"5713\" class=\"elementor elementor-5713\">\n\t\t\t\t\t\t<section class=\"elementor-section elementor-top-section elementor-element elementor-element-34d699a onelinedrawingBG elementor-section-boxed elementor-section-height-default elementor-section-height-default\" data-id=\"34d699a\" data-element_type=\"section\" data-settings=\"{&quot;background_background&quot;:&quot;classic&quot;}\">\n\t\t\t\t\t\t\t<div class=\"elementor-background-overlay\"><\/div>\n\t\t\t\t\t\t\t<div class=\"elementor-container elementor-column-gap-default\">\n\t\t\t\t\t<div class=\"elementor-column elementor-col-100 elementor-top-column elementor-element elementor-element-9efcee9\" data-id=\"9efcee9\" data-element_type=\"column\">\n\t\t\t<div class=\"elementor-widget-wrap elementor-element-populated\">\n\t\t\t\t\t\t<div class=\"elementor-element elementor-element-8feccf5 elementor-invisible elementor-widget elementor-widget-heading\" data-id=\"8feccf5\" data-element_type=\"widget\" data-settings=\"{&quot;_animation&quot;:&quot;fadeInUp&quot;}\" data-widget_type=\"heading.default\">\n\t\t\t\t<div class=\"elementor-widget-container\">\n\t\t\t\t\t<h1 class=\"elementor-heading-title elementor-size-xl\">REFINANCEMENT<\/h1>\t\t\t\t<\/div>\n\t\t\t\t<\/div>\n\t\t\t\t<div class=\"elementor-element elementor-element-7f40fd3 divider-blue elementor-widget-divider--view-line elementor-invisible elementor-widget elementor-widget-divider\" data-id=\"7f40fd3\" data-element_type=\"widget\" data-settings=\"{&quot;_animation&quot;:&quot;fadeInUp&quot;}\" data-widget_type=\"divider.default\">\n\t\t\t\t<div class=\"elementor-widget-container\">\n\t\t\t\t\t\t\t<div class=\"elementor-divider\">\n\t\t\t<span class=\"elementor-divider-separator\">\n\t\t\t\t\t\t<\/span>\n\t\t<\/div>\n\t\t\t\t\t\t<\/div>\n\t\t\t\t<\/div>\n\t\t\t\t<div class=\"elementor-element elementor-element-b2b9589 elementor-invisible elementor-widget elementor-widget-heading\" data-id=\"b2b9589\" data-element_type=\"widget\" data-settings=\"{&quot;_animation&quot;:&quot;fadeInUp&quot;}\" data-widget_type=\"heading.default\">\n\t\t\t\t<div class=\"elementor-widget-container\">\n\t\t\t\t\t<h2 class=\"elementor-heading-title elementor-size-default\">Les r\u00e9centes augmentations des taux directeurs peuvent avoir un impact cons\u00e9quent sur votre situation financi\u00e8re. Demandez une r\u00e9\u00e9valuation votre situation de cr\u00e9dit d\u00e8s maintenant. <\/h2>\t\t\t\t<\/div>\n\t\t\t\t<\/div>\n\t\t\t\t\t<\/div>\n\t\t<\/div>\n\t\t\t\t\t<\/div>\n\t\t<\/section>\n\t\t\t\t<section class=\"elementor-section elementor-top-section elementor-element elementor-element-b6248b3 elementor-section-boxed elementor-section-height-default elementor-section-height-default\" data-id=\"b6248b3\" data-element_type=\"section\" data-settings=\"{&quot;background_background&quot;:&quot;classic&quot;}\">\n\t\t\t\t\t\t\t<div class=\"elementor-background-overlay\"><\/div>\n\t\t\t\t\t\t\t<div class=\"elementor-container elementor-column-gap-default\">\n\t\t\t\t\t<div class=\"elementor-column elementor-col-100 elementor-top-column elementor-element elementor-element-15f2b1d\" data-id=\"15f2b1d\" data-element_type=\"column\">\n\t\t\t<div class=\"elementor-widget-wrap elementor-element-populated\">\n\t\t\t\t\t\t<section class=\"elementor-section elementor-inner-section elementor-element elementor-element-fa6adb2 elementor-section-boxed elementor-section-height-default elementor-section-height-default\" data-id=\"fa6adb2\" data-element_type=\"section\">\n\t\t\t\t\t\t<div class=\"elementor-container elementor-column-gap-default\">\n\t\t\t\t\t<div class=\"elementor-column elementor-col-33 elementor-inner-column elementor-element elementor-element-42e1815 elementor-invisible\" data-id=\"42e1815\" data-element_type=\"column\" data-settings=\"{&quot;animation&quot;:&quot;fadeInUp&quot;}\">\n\t\t\t<div class=\"elementor-widget-wrap elementor-element-populated\">\n\t\t\t\t\t\t<div class=\"elementor-element elementor-element-cac080e elementor-widget elementor-widget-image\" data-id=\"cac080e\" data-element_type=\"widget\" data-widget_type=\"image.default\">\n\t\t\t\t<div class=\"elementor-widget-container\">\n\t\t\t\t\t\t\t\t\t\t\t\t\t\t\t<img decoding=\"async\" width=\"150\" height=\"150\" src=\"https:\/\/www.fidem.lu\/wp-content\/uploads\/2022\/10\/finance-risk150px-1.png\" class=\"attachment-medium size-medium wp-image-7861\" alt=\"Finanzrisiko Icon\" \/>\t\t\t\t\t\t\t\t\t\t\t\t\t\t\t<\/div>\n\t\t\t\t<\/div>\n\t\t\t\t<div class=\"elementor-element elementor-element-8f09280 elementor-widget elementor-widget-heading\" data-id=\"8f09280\" data-element_type=\"widget\" data-widget_type=\"heading.default\">\n\t\t\t\t<div class=\"elementor-widget-container\">\n\t\t\t\t\t<h4 class=\"elementor-heading-title elementor-size-default\">R\u00e9duisez le risque sur votre taux d'int\u00e9r\u00eat variable<\/h4>\t\t\t\t<\/div>\n\t\t\t\t<\/div>\n\t\t\t\t<div class=\"elementor-element elementor-element-c2674f0 divider-blue elementor-widget-divider--view-line elementor-widget elementor-widget-divider\" data-id=\"c2674f0\" data-element_type=\"widget\" data-widget_type=\"divider.default\">\n\t\t\t\t<div class=\"elementor-widget-container\">\n\t\t\t\t\t\t\t<div class=\"elementor-divider\">\n\t\t\t<span class=\"elementor-divider-separator\">\n\t\t\t\t\t\t<\/span>\n\t\t<\/div>\n\t\t\t\t\t\t<\/div>\n\t\t\t\t<\/div>\n\t\t\t\t<div class=\"elementor-element elementor-element-f014217 elementor-widget elementor-widget-text-editor\" data-id=\"f014217\" data-element_type=\"widget\" data-widget_type=\"text-editor.default\">\n\t\t\t\t<div class=\"elementor-widget-container\">\n\t\t\t\t\t\t\t\t\t<p>Votre taux d&rsquo;int\u00e9r\u00eat variable a probablement augment\u00e9 et une importante augmentation est d\u00e9j\u00e0 annonc\u00e9e dans un avenir proche.<\/p>\t\t\t\t\t\t\t\t<\/div>\n\t\t\t\t<\/div>\n\t\t\t\t\t<\/div>\n\t\t<\/div>\n\t\t\t\t<div class=\"elementor-column elementor-col-33 elementor-inner-column elementor-element elementor-element-70464a8 elementor-invisible\" data-id=\"70464a8\" data-element_type=\"column\" data-settings=\"{&quot;animation&quot;:&quot;fadeInUp&quot;}\">\n\t\t\t<div class=\"elementor-widget-wrap elementor-element-populated\">\n\t\t\t\t\t\t<div class=\"elementor-element elementor-element-3a9ecd7 elementor-widget elementor-widget-image\" data-id=\"3a9ecd7\" data-element_type=\"widget\" data-widget_type=\"image.default\">\n\t\t\t\t<div class=\"elementor-widget-container\">\n\t\t\t\t\t\t\t\t\t\t\t\t\t\t\t<img decoding=\"async\" width=\"150\" height=\"150\" src=\"https:\/\/www.fidem.lu\/wp-content\/uploads\/2022\/10\/renew150px.png\" class=\"attachment-medium size-medium wp-image-7834\" alt=\"Kredit erneuern Icon\" \/>\t\t\t\t\t\t\t\t\t\t\t\t\t\t\t<\/div>\n\t\t\t\t<\/div>\n\t\t\t\t<div class=\"elementor-element elementor-element-119544b elementor-widget elementor-widget-heading\" data-id=\"119544b\" data-element_type=\"widget\" data-widget_type=\"heading.default\">\n\t\t\t\t<div class=\"elementor-widget-container\">\n\t\t\t\t\t<h4 class=\"elementor-heading-title elementor-size-default\">Anticipez votre prochain taux d'int\u00e9r\u00eat r\u00e9visable.<\/h4>\t\t\t\t<\/div>\n\t\t\t\t<\/div>\n\t\t\t\t<div class=\"elementor-element elementor-element-59d664e divider-blue elementor-widget-divider--view-line elementor-widget elementor-widget-divider\" data-id=\"59d664e\" data-element_type=\"widget\" data-widget_type=\"divider.default\">\n\t\t\t\t<div class=\"elementor-widget-container\">\n\t\t\t\t\t\t\t<div class=\"elementor-divider\">\n\t\t\t<span class=\"elementor-divider-separator\">\n\t\t\t\t\t\t<\/span>\n\t\t<\/div>\n\t\t\t\t\t\t<\/div>\n\t\t\t\t<\/div>\n\t\t\t\t<div class=\"elementor-element elementor-element-efc78f4 elementor-widget elementor-widget-text-editor\" data-id=\"efc78f4\" data-element_type=\"widget\" data-widget_type=\"text-editor.default\">\n\t\t\t\t<div class=\"elementor-widget-container\">\n\t\t\t\t\t\t\t\t\t<p>Prot\u00e9gez-vous d\u00e8s aujourd&rsquo;hui contre la prochaine hausse de votre taux fixe r\u00e9visable.<\/p>\t\t\t\t\t\t\t\t<\/div>\n\t\t\t\t<\/div>\n\t\t\t\t\t<\/div>\n\t\t<\/div>\n\t\t\t\t<div class=\"elementor-column elementor-col-33 elementor-inner-column elementor-element elementor-element-fb23949 elementor-invisible\" data-id=\"fb23949\" data-element_type=\"column\" data-settings=\"{&quot;animation&quot;:&quot;fadeInUp&quot;}\">\n\t\t\t<div class=\"elementor-widget-wrap elementor-element-populated\">\n\t\t\t\t\t\t<div class=\"elementor-element elementor-element-302aea4 elementor-widget elementor-widget-image\" data-id=\"302aea4\" data-element_type=\"widget\" data-widget_type=\"image.default\">\n\t\t\t\t<div class=\"elementor-widget-container\">\n\t\t\t\t\t\t\t\t\t\t\t\t\t\t\t<img decoding=\"async\" width=\"150\" height=\"150\" src=\"https:\/\/www.fidem.lu\/wp-content\/uploads\/2022\/10\/security150px.png\" class=\"attachment-medium size-medium wp-image-7837\" alt=\"Kreditraten absichern Icon\" \/>\t\t\t\t\t\t\t\t\t\t\t\t\t\t\t<\/div>\n\t\t\t\t<\/div>\n\t\t\t\t<div class=\"elementor-element elementor-element-441d4f1 elementor-widget elementor-widget-heading\" data-id=\"441d4f1\" data-element_type=\"widget\" data-widget_type=\"heading.default\">\n\t\t\t\t<div class=\"elementor-widget-container\">\n\t\t\t\t\t<h4 class=\"elementor-heading-title elementor-size-default\">S\u00e9curisez les futures mensualit\u00e9s de votre emprunt<\/h4>\t\t\t\t<\/div>\n\t\t\t\t<\/div>\n\t\t\t\t<div class=\"elementor-element elementor-element-4e6cce7 divider-blue elementor-widget-divider--view-line elementor-widget elementor-widget-divider\" data-id=\"4e6cce7\" data-element_type=\"widget\" data-widget_type=\"divider.default\">\n\t\t\t\t<div class=\"elementor-widget-container\">\n\t\t\t\t\t\t\t<div class=\"elementor-divider\">\n\t\t\t<span class=\"elementor-divider-separator\">\n\t\t\t\t\t\t<\/span>\n\t\t<\/div>\n\t\t\t\t\t\t<\/div>\n\t\t\t\t<\/div>\n\t\t\t\t<div class=\"elementor-element elementor-element-4374c89 elementor-widget elementor-widget-text-editor\" data-id=\"4374c89\" data-element_type=\"widget\" data-widget_type=\"text-editor.default\">\n\t\t\t\t<div class=\"elementor-widget-container\">\n\t\t\t\t\t\t\t\t\tAnalysez les conditions de votre pr\u00eat existant en fonction de votre capacit\u00e9 financi\u00e8re actuelle pour garder le contr\u00f4le de vos remboursements \u00e0 venir.\t\t\t\t\t\t\t\t<\/div>\n\t\t\t\t<\/div>\n\t\t\t\t\t<\/div>\n\t\t<\/div>\n\t\t\t\t\t<\/div>\n\t\t<\/section>\n\t\t\t\t\t<\/div>\n\t\t<\/div>\n\t\t\t\t\t<\/div>\n\t\t<\/section>\n\t\t\t\t<section class=\"elementor-section elementor-top-section elementor-element elementor-element-2dfbadf elementor-section-boxed elementor-section-height-default elementor-section-height-default\" data-id=\"2dfbadf\" data-element_type=\"section\" data-settings=\"{&quot;background_background&quot;:&quot;classic&quot;}\">\n\t\t\t\t\t\t<div class=\"elementor-container elementor-column-gap-default\">\n\t\t\t\t\t<div class=\"elementor-column elementor-col-100 elementor-top-column elementor-element elementor-element-69cde67\" data-id=\"69cde67\" data-element_type=\"column\">\n\t\t\t<div class=\"elementor-widget-wrap elementor-element-populated\">\n\t\t\t\t\t\t<div class=\"elementor-element elementor-element-680e6f3 elementor-invisible elementor-widget elementor-widget-heading\" data-id=\"680e6f3\" data-element_type=\"widget\" data-settings=\"{&quot;_animation&quot;:&quot;fadeInUp&quot;}\" data-widget_type=\"heading.default\">\n\t\t\t\t<div class=\"elementor-widget-container\">\n\t\t\t\t\t<h2 class=\"elementor-heading-title elementor-size-large\">Vous avez encore des questions?<\/h2>\t\t\t\t<\/div>\n\t\t\t\t<\/div>\n\t\t\t\t<div class=\"elementor-element elementor-element-a98a66b divider-blue elementor-widget-divider--view-line elementor-invisible elementor-widget elementor-widget-divider\" data-id=\"a98a66b\" data-element_type=\"widget\" data-settings=\"{&quot;_animation&quot;:&quot;fadeInUp&quot;}\" data-widget_type=\"divider.default\">\n\t\t\t\t<div class=\"elementor-widget-container\">\n\t\t\t\t\t\t\t<div class=\"elementor-divider\">\n\t\t\t<span class=\"elementor-divider-separator\">\n\t\t\t\t\t\t<\/span>\n\t\t<\/div>\n\t\t\t\t\t\t<\/div>\n\t\t\t\t<\/div>\n\t\t\t\t<div class=\"elementor-element elementor-element-946aab1 elementor-invisible elementor-widget elementor-widget-text-editor\" data-id=\"946aab1\" data-element_type=\"widget\" data-settings=\"{&quot;_animation&quot;:&quot;fadeInUp&quot;}\" data-widget_type=\"text-editor.default\">\n\t\t\t\t<div class=\"elementor-widget-container\">\n\t\t\t\t\t\t\t\t\tNous nous tenons volontiers \u00e0 votre disposition pour un conseil rapide, \u00a0personnalis\u00e9 et gratuit.\t\t\t\t\t\t\t\t<\/div>\n\t\t\t\t<\/div>\n\t\t\t\t<div class=\"elementor-element elementor-element-32666fa elementor-align-center elementor-invisible elementor-widget elementor-widget-button\" data-id=\"32666fa\" data-element_type=\"widget\" data-settings=\"{&quot;_animation&quot;:&quot;fadeInUp&quot;}\" data-widget_type=\"button.default\">\n\t\t\t\t<div class=\"elementor-widget-container\">\n\t\t\t\t\t\t\t\t\t<div class=\"elementor-button-wrapper\">\n\t\t\t\t\t<a class=\"elementor-button elementor-button-link elementor-size-sm\" href=\"\/fr\/contact\" id=\"page_rescheduling_contact\">\n\t\t\t\t\t\t<span class=\"elementor-button-content-wrapper\">\n\t\t\t\t\t\t\t\t\t<span class=\"elementor-button-text\">Contacter maintenant<\/span>\n\t\t\t\t\t<\/span>\n\t\t\t\t\t<\/a>\n\t\t\t\t<\/div>\n\t\t\t\t\t\t\t\t<\/div>\n\t\t\t\t<\/div>\n\t\t\t\t\t<\/div>\n\t\t<\/div>\n\t\t\t\t\t<\/div>\n\t\t<\/section>\n\t\t\t\t<\/div>\n\t\t","protected":false},"excerpt":{"rendered":"<p>REFINANCEMENT Les r\u00e9centes augmentations des taux directeurs peuvent avoir un impact cons\u00e9quent sur votre situation financi\u00e8re. Demandez une r\u00e9\u00e9valuation votre situation de cr\u00e9dit d\u00e8s maintenant. R\u00e9duisez le risque sur votre taux d&rsquo;int\u00e9r\u00eat variable Votre taux d&rsquo;int\u00e9r\u00eat variable a probablement augment\u00e9 et une importante augmentation est d\u00e9j\u00e0 annonc\u00e9e dans un avenir proche. Anticipez votre prochain taux&hellip;&nbsp;<a href=\"https:\/\/www.fidem.lu\/fr\/refinancement\/\" rel=\"bookmark\">Read More &raquo;<span class=\"screen-reader-text\">RESTRUCTURATION D\u2019EMPRUNT<\/span><\/a><\/p>\n","protected":false},"author":4,"featured_media":5891,"parent":0,"menu_order":0,"comment_status":"closed","ping_status":"closed","template":"","meta":{"neve_meta_sidebar":"full-width","neve_meta_container":"full-width","neve_meta_enable_content_width":"on","neve_meta_content_width":100,"neve_meta_title_alignment":"","neve_meta_author_avatar":"","neve_post_elements_order":"","neve_meta_disable_header":"","neve_meta_disable_footer":"","neve_meta_disable_title":"on","neve_meta_reading_time":"","footnotes":""},"class_list":["post-5713","page","type-page","status-publish","has-post-thumbnail","hentry"],"yoast_head":"<!-- This site is optimized with the Yoast SEO plugin v26.3 - https:\/\/yoast.com\/wordpress\/plugins\/seo\/ -->\n<title>Restructuration d\u2019emprunt | fidem.<\/title>\n<meta name=\"description\" content=\"Refinancement de votre cr\u00e9dit immobilier: Profitez de la hausse de la valeur de votre bien immobilier au fil du temps &amp; de la baisse du montant r\u00e9siduel de votre cr\u00e9dit \u27a4 Demandez maintenant!\" \/>\n<meta name=\"robots\" content=\"index, follow, max-snippet:-1, max-image-preview:large, max-video-preview:-1\" \/>\n<link rel=\"canonical\" href=\"https:\/\/www.fidem.lu\/fr\/refinancement\/\" \/>\n<meta property=\"og:locale\" content=\"fr_FR\" \/>\n<meta property=\"og:type\" content=\"article\" \/>\n<meta property=\"og:title\" content=\"Restructuration d\u2019emprunt | fidem.\" \/>\n<meta property=\"og:description\" content=\"Refinancement de votre cr\u00e9dit immobilier: Profitez de la hausse de la valeur de votre bien immobilier au fil du temps &amp; de la baisse du montant r\u00e9siduel de votre cr\u00e9dit \u27a4 Demandez maintenant!\" \/>\n<meta property=\"og:url\" content=\"https:\/\/www.fidem.lu\/fr\/refinancement\/\" \/>\n<meta property=\"og:site_name\" content=\"fidem.\" \/>\n<meta property=\"article:modified_time\" content=\"2025-11-13T18:18:45+00:00\" \/>\n<meta property=\"og:image\" content=\"https:\/\/www.fidem.lu\/wp-content\/uploads\/2021\/12\/og-1-1.jpg\" \/>\n\t<meta property=\"og:image:width\" content=\"1200\" \/>\n\t<meta property=\"og:image:height\" content=\"630\" \/>\n\t<meta property=\"og:image:type\" content=\"image\/jpeg\" \/>\n<meta name=\"twitter:card\" content=\"summary_large_image\" \/>\n<meta name=\"twitter:label1\" content=\"Dur\u00e9e de lecture estim\u00e9e\" \/>\n\t<meta name=\"twitter:data1\" content=\"2 minutes\" \/>\n<script type=\"application\/ld+json\" class=\"yoast-schema-graph\">{\"@context\":\"https:\/\/schema.org\",\"@graph\":[{\"@type\":\"WebPage\",\"@id\":\"https:\/\/www.fidem.lu\/fr\/refinancement\/\",\"url\":\"https:\/\/www.fidem.lu\/fr\/refinancement\/\",\"name\":\"Restructuration d\u2019emprunt | fidem.\",\"isPartOf\":{\"@id\":\"https:\/\/www.fidem.lu\/#website\"},\"primaryImageOfPage\":{\"@id\":\"https:\/\/www.fidem.lu\/fr\/refinancement\/#primaryimage\"},\"image\":{\"@id\":\"https:\/\/www.fidem.lu\/fr\/refinancement\/#primaryimage\"},\"thumbnailUrl\":\"https:\/\/www.fidem.lu\/wp-content\/uploads\/2021\/12\/og-1-1.jpg\",\"datePublished\":\"2021-12-01T20:03:50+00:00\",\"dateModified\":\"2025-11-13T18:18:45+00:00\",\"description\":\"Refinancement de votre cr\u00e9dit immobilier: Profitez de la hausse de la valeur de votre bien immobilier au fil du temps & de la baisse du montant r\u00e9siduel de votre cr\u00e9dit \u27a4 Demandez maintenant!\",\"breadcrumb\":{\"@id\":\"https:\/\/www.fidem.lu\/fr\/refinancement\/#breadcrumb\"},\"inLanguage\":\"fr-FR\",\"potentialAction\":[{\"@type\":\"ReadAction\",\"target\":[\"https:\/\/www.fidem.lu\/fr\/refinancement\/\"]}]},{\"@type\":\"ImageObject\",\"inLanguage\":\"fr-FR\",\"@id\":\"https:\/\/www.fidem.lu\/fr\/refinancement\/#primaryimage\",\"url\":\"https:\/\/www.fidem.lu\/wp-content\/uploads\/2021\/12\/og-1-1.jpg\",\"contentUrl\":\"https:\/\/www.fidem.lu\/wp-content\/uploads\/2021\/12\/og-1-1.jpg\",\"width\":1200,\"height\":630,\"caption\":\"fidem. | Kreditvermittlung Luxemburg\"},{\"@type\":\"BreadcrumbList\",\"@id\":\"https:\/\/www.fidem.lu\/fr\/refinancement\/#breadcrumb\",\"itemListElement\":[{\"@type\":\"ListItem\",\"position\":1,\"name\":\"Startseite\",\"item\":\"https:\/\/www.fidem.lu\/fr\/\"},{\"@type\":\"ListItem\",\"position\":2,\"name\":\"RESTRUCTURATION D\u2019EMPRUNT\"}]},{\"@type\":\"WebSite\",\"@id\":\"https:\/\/www.fidem.lu\/#website\",\"url\":\"https:\/\/www.fidem.lu\/\",\"name\":\"fidem.\",\"description\":\"credit &amp; finance\",\"publisher\":{\"@id\":\"https:\/\/www.fidem.lu\/#organization\"},\"potentialAction\":[{\"@type\":\"SearchAction\",\"target\":{\"@type\":\"EntryPoint\",\"urlTemplate\":\"https:\/\/www.fidem.lu\/?s={search_term_string}\"},\"query-input\":{\"@type\":\"PropertyValueSpecification\",\"valueRequired\":true,\"valueName\":\"search_term_string\"}}],\"inLanguage\":\"fr-FR\"},{\"@type\":\"Organization\",\"@id\":\"https:\/\/www.fidem.lu\/#organization\",\"name\":\"fidem. S.A.\",\"url\":\"https:\/\/www.fidem.lu\/\",\"logo\":{\"@type\":\"ImageObject\",\"inLanguage\":\"fr-FR\",\"@id\":\"https:\/\/www.fidem.lu\/#\/schema\/logo\/image\/\",\"url\":\"https:\/\/www.fidem.lu\/wp-content\/uploads\/2021\/12\/og-1-1.jpg\",\"contentUrl\":\"https:\/\/www.fidem.lu\/wp-content\/uploads\/2021\/12\/og-1-1.jpg\",\"width\":1200,\"height\":630,\"caption\":\"fidem. S.A.\"},\"image\":{\"@id\":\"https:\/\/www.fidem.lu\/#\/schema\/logo\/image\/\"},\"sameAs\":[\"https:\/\/www.instagram.com\/fidem.lu\/\"]}]}<\/script>\n<!-- \/ Yoast SEO plugin. -->","yoast_head_json":{"title":"Restructuration d\u2019emprunt | fidem.","description":"Refinancement de votre cr\u00e9dit immobilier: Profitez de la hausse de la valeur de votre bien immobilier au fil du temps & de la baisse du montant r\u00e9siduel de votre cr\u00e9dit \u27a4 Demandez maintenant!","robots":{"index":"index","follow":"follow","max-snippet":"max-snippet:-1","max-image-preview":"max-image-preview:large","max-video-preview":"max-video-preview:-1"},"canonical":"https:\/\/www.fidem.lu\/fr\/refinancement\/","og_locale":"fr_FR","og_type":"article","og_title":"Restructuration d\u2019emprunt | fidem.","og_description":"Refinancement de votre cr\u00e9dit immobilier: Profitez de la hausse de la valeur de votre bien immobilier au fil du temps & de la baisse du montant r\u00e9siduel de votre cr\u00e9dit \u27a4 Demandez maintenant!","og_url":"https:\/\/www.fidem.lu\/fr\/refinancement\/","og_site_name":"fidem.","article_modified_time":"2025-11-13T18:18:45+00:00","og_image":[{"width":1200,"height":630,"url":"https:\/\/www.fidem.lu\/wp-content\/uploads\/2021\/12\/og-1-1.jpg","type":"image\/jpeg"}],"twitter_card":"summary_large_image","twitter_misc":{"Dur\u00e9e de lecture estim\u00e9e":"2 minutes"},"schema":{"@context":"https:\/\/schema.org","@graph":[{"@type":"WebPage","@id":"https:\/\/www.fidem.lu\/fr\/refinancement\/","url":"https:\/\/www.fidem.lu\/fr\/refinancement\/","name":"Restructuration d\u2019emprunt | fidem.","isPartOf":{"@id":"https:\/\/www.fidem.lu\/#website"},"primaryImageOfPage":{"@id":"https:\/\/www.fidem.lu\/fr\/refinancement\/#primaryimage"},"image":{"@id":"https:\/\/www.fidem.lu\/fr\/refinancement\/#primaryimage"},"thumbnailUrl":"https:\/\/www.fidem.lu\/wp-content\/uploads\/2021\/12\/og-1-1.jpg","datePublished":"2021-12-01T20:03:50+00:00","dateModified":"2025-11-13T18:18:45+00:00","description":"Refinancement de votre cr\u00e9dit immobilier: Profitez de la hausse de la valeur de votre bien immobilier au fil du temps & de la baisse du montant r\u00e9siduel de votre cr\u00e9dit \u27a4 Demandez maintenant!","breadcrumb":{"@id":"https:\/\/www.fidem.lu\/fr\/refinancement\/#breadcrumb"},"inLanguage":"fr-FR","potentialAction":[{"@type":"ReadAction","target":["https:\/\/www.fidem.lu\/fr\/refinancement\/"]}]},{"@type":"ImageObject","inLanguage":"fr-FR","@id":"https:\/\/www.fidem.lu\/fr\/refinancement\/#primaryimage","url":"https:\/\/www.fidem.lu\/wp-content\/uploads\/2021\/12\/og-1-1.jpg","contentUrl":"https:\/\/www.fidem.lu\/wp-content\/uploads\/2021\/12\/og-1-1.jpg","width":1200,"height":630,"caption":"fidem. | Kreditvermittlung Luxemburg"},{"@type":"BreadcrumbList","@id":"https:\/\/www.fidem.lu\/fr\/refinancement\/#breadcrumb","itemListElement":[{"@type":"ListItem","position":1,"name":"Startseite","item":"https:\/\/www.fidem.lu\/fr\/"},{"@type":"ListItem","position":2,"name":"RESTRUCTURATION D\u2019EMPRUNT"}]},{"@type":"WebSite","@id":"https:\/\/www.fidem.lu\/#website","url":"https:\/\/www.fidem.lu\/","name":"fidem.","description":"credit &amp; finance","publisher":{"@id":"https:\/\/www.fidem.lu\/#organization"},"potentialAction":[{"@type":"SearchAction","target":{"@type":"EntryPoint","urlTemplate":"https:\/\/www.fidem.lu\/?s={search_term_string}"},"query-input":{"@type":"PropertyValueSpecification","valueRequired":true,"valueName":"search_term_string"}}],"inLanguage":"fr-FR"},{"@type":"Organization","@id":"https:\/\/www.fidem.lu\/#organization","name":"fidem. S.A.","url":"https:\/\/www.fidem.lu\/","logo":{"@type":"ImageObject","inLanguage":"fr-FR","@id":"https:\/\/www.fidem.lu\/#\/schema\/logo\/image\/","url":"https:\/\/www.fidem.lu\/wp-content\/uploads\/2021\/12\/og-1-1.jpg","contentUrl":"https:\/\/www.fidem.lu\/wp-content\/uploads\/2021\/12\/og-1-1.jpg","width":1200,"height":630,"caption":"fidem. S.A."},"image":{"@id":"https:\/\/www.fidem.lu\/#\/schema\/logo\/image\/"},"sameAs":["https:\/\/www.instagram.com\/fidem.lu\/"]}]}},"_links":{"self":[{"href":"https:\/\/www.fidem.lu\/fr\/wp-json\/wp\/v2\/pages\/5713","targetHints":{"allow":["GET"]}}],"collection":[{"href":"https:\/\/www.fidem.lu\/fr\/wp-json\/wp\/v2\/pages"}],"about":[{"href":"https:\/\/www.fidem.lu\/fr\/wp-json\/wp\/v2\/types\/page"}],"author":[{"embeddable":true,"href":"https:\/\/www.fidem.lu\/fr\/wp-json\/wp\/v2\/users\/4"}],"replies":[{"embeddable":true,"href":"https:\/\/www.fidem.lu\/fr\/wp-json\/wp\/v2\/comments?post=5713"}],"version-history":[{"count":86,"href":"https:\/\/www.fidem.lu\/fr\/wp-json\/wp\/v2\/pages\/5713\/revisions"}],"predecessor-version":[{"id":9712,"href":"https:\/\/www.fidem.lu\/fr\/wp-json\/wp\/v2\/pages\/5713\/revisions\/9712"}],"wp:featuredmedia":[{"embeddable":true,"href":"https:\/\/www.fidem.lu\/fr\/wp-json\/wp\/v2\/media\/5891"}],"wp:attachment":[{"href":"https:\/\/www.fidem.lu\/fr\/wp-json\/wp\/v2\/media?parent=5713"}],"curies":[{"name":"wp","href":"https:\/\/api.w.org\/{rel}","templated":true}]}}